{"id":209,"date":"2024-12-23T13:09:41","date_gmt":"2024-12-23T13:09:41","guid":{"rendered":"https:\/\/dev97.especialistasweb.es\/?page_id=209"},"modified":"2025-01-14T17:21:18","modified_gmt":"2025-01-14T17:21:18","slug":"aviso-legal","status":"publish","type":"page","link":"https:\/\/bennetrey.com\/es\/aviso-legal\/","title":{"rendered":"Aviso legal"},"content":{"rendered":"<div>\n<p>Las presentes disposiciones regulan el uso del servicio del portal de Internet (en adelante, el \u2018Portal\u2019) que Bennet &amp; Rey pone a disposici\u00f3n de los usuarios de Internet.<\/p>\n<p>El acceso a la p\u00e1gina web es gratuito salvo en lo relativo al coste de la conexi\u00f3n a trav\u00e9s de la red de telecomunicaciones suministrada por el proveedor de acceso contratado por los usuarios. Determinados servicios son exclusivos para nuestros clientes y su acceso se encuentra restringido.<\/p>\n<p>La utilizaci\u00f3n del Portal atribuye la condici\u00f3n de usuario del Portal (en adelante, el \u2018Usuario\u2019) e implica la aceptaci\u00f3n de todas las condiciones incluidas en este Aviso Legal. La prestaci\u00f3n del servicio del Portal tiene una duraci\u00f3n limitada al momento en el que el Usuario se encuentre conectado al Portal o a alguno de los servicios que a trav\u00e9s del mismo se facilitan. Por tanto, el Usuario debe leer atentamente el presente Aviso Legal en cada una de las ocasiones en que se proponga utilizar el Portal, ya que \u00e9ste y sus condiciones de uso recogidas en el presente Aviso Legal pueden sufrir modificaciones.<\/p>\n<p>Algunos servicios del Portal accesibles para los usuarios de Internet o exclusivos para los clientes de Bennet &amp; Rey pueden estar sometidos a condiciones particulares, reglamentos e instrucciones que, en su caso, sustituyen, completan y\/o modifican el presente Aviso Legal y que deber\u00e1n ser aceptadas por el Usuario antes de iniciarse la prestaci\u00f3n del servicio correspondiente.<\/p>\n<\/div>\n<p><!--more--><br \/>\n<!-- {\"type\":\"layout\",\"children\":[{\"type\":\"section\",\"props\":{\"image_position\":\"center-center\",\"style\":\"default\",\"title_breakpoint\":\"xl\",\"title_position\":\"top-left\",\"title_rotation\":\"left\",\"vertical_align\":\"middle\",\"width\":\"default\"},\"children\":[{\"type\":\"row\",\"children\":[{\"type\":\"column\",\"props\":{\"image_position\":\"center-center\",\"position_sticky_breakpoint\":\"m\"},\"children\":[{\"type\":\"headline\",\"props\":{\"title_element\":\"h1\"},\"source\":{\"query\":{\"name\":\"pages.singlePage\"},\"props\":{\"content\":{\"filters\":{\"search\":\"\"},\"name\":\"title\"}}}},{\"type\":\"text\",\"props\":{\"column_breakpoint\":\"m\",\"content\":\"\n\n<p>Las presentes disposiciones regulan el uso del servicio del portal de Internet (en adelante, el \\u2018Portal\\u2019) que Bennet &amp; Rey pone a disposici\\u00f3n de los usuarios de Internet.<\\\/p>\\n\n\n<p>El acceso a la p\\u00e1gina web es gratuito salvo en lo relativo al coste de la conexi\\u00f3n a trav\\u00e9s de la red de telecomunicaciones suministrada por el proveedor de acceso contratado por los usuarios. Determinados servicios son exclusivos para nuestros clientes y su acceso se encuentra restringido.<\\\/p>\\n\n\n<p>La utilizaci\\u00f3n del Portal atribuye la condici\\u00f3n de usuario del Portal (en adelante, el \\u2018Usuario\\u2019) e implica la aceptaci\\u00f3n de todas las condiciones incluidas en este Aviso Legal. La prestaci\\u00f3n del servicio del Portal tiene una duraci\\u00f3n limitada al momento en el que el Usuario se encuentre conectado al Portal o a alguno de los servicios que a trav\\u00e9s del mismo se facilitan. Por tanto, el Usuario debe leer atentamente el presente Aviso Legal en cada una de las ocasiones en que se proponga utilizar el Portal, ya que \\u00e9ste y sus condiciones de uso recogidas en el presente Aviso Legal pueden sufrir modificaciones.<\\\/p>\\n\n\n<p>Algunos servicios del Portal accesibles para los usuarios de Internet o exclusivos para los clientes de Bennet &amp; Rey pueden estar sometidos a condiciones particulares, reglamentos e instrucciones que, en su caso, sustituyen, completan y\\\/o modifican el presente Aviso Legal y que deber\\u00e1n ser aceptadas por el Usuario antes de iniciarse la prestaci\\u00f3n del servicio correspondiente.<\\\/p>\",\"css\":\".el-element h2 {\\n\\tfont-size: 18px;\\n    font-weight: 600;\\n}\\n\",\"margin\":\"default\"}}]}]}]}],\"version\":\"4.4.16\"} --><\/p>\n","protected":false},"excerpt":{"rendered":"<p>Las presentes disposiciones regulan el uso del servicio del portal de Internet (en adelante, el \u2018Portal\u2019) que Bennet &amp; Rey pone a disposici\u00f3n de los usuarios de Internet. El acceso a la p\u00e1gina web es gratuito salvo en lo relativo al coste de la conexi\u00f3n a trav\u00e9s de la red de telecomunicaciones suministrada por el [&hellip;]<\/p>\n","protected":false},"author":1,"featured_media":0,"parent":0,"menu_order":0,"comment_status":"closed","ping_status":"closed","template":"","meta":{"_acf_changed":false,"footnotes":""},"class_list":["post-209","page","type-page","status-publish","hentry"],"acf":[],"yoast_head":"<!-- This site is optimized with the Yoast SEO plugin v27.3 - https:\/\/yoast.com\/product\/yoast-seo-wordpress\/ -->\n<title>Aviso legal - Bennet &amp; Rey<\/title>\n<meta name=\"robots\" content=\"index, follow, max-snippet:-1, max-image-preview:large, max-video-preview:-1\" \/>\n<link rel=\"canonical\" href=\"https:\/\/bennetrey.com\/aviso-legal\/\" \/>\n<meta property=\"og:locale\" content=\"es_ES\" \/>\n<meta property=\"og:type\" content=\"article\" \/>\n<meta property=\"og:title\" content=\"Aviso legal - Bennet &amp; Rey\" \/>\n<meta property=\"og:description\" content=\"Las presentes disposiciones regulan el uso del servicio del portal de Internet (en adelante, el \u2018Portal\u2019) que Bennet &amp; Rey pone a disposici\u00f3n de los usuarios de Internet. El acceso a la p\u00e1gina web es gratuito salvo en lo relativo al coste de la conexi\u00f3n a trav\u00e9s de la red de telecomunicaciones suministrada por el [&hellip;]\" \/>\n<meta property=\"og:url\" content=\"https:\/\/bennetrey.com\/aviso-legal\/\" \/>\n<meta property=\"og:site_name\" content=\"Bennet &amp; Rey\" \/>\n<meta property=\"article:modified_time\" content=\"2025-01-14T17:21:18+00:00\" \/>\n<meta name=\"twitter:card\" content=\"summary_large_image\" \/>\n<meta name=\"twitter:label1\" content=\"Tiempo de lectura\" \/>\n\t<meta name=\"twitter:data1\" content=\"1 minuto\" \/>\n<script type=\"application\/ld+json\" class=\"yoast-schema-graph\">{\"@context\":\"https:\\\/\\\/schema.org\",\"@graph\":[{\"@type\":\"WebPage\",\"@id\":\"https:\\\/\\\/bennetrey.com\\\/aviso-legal\\\/\",\"url\":\"https:\\\/\\\/bennetrey.com\\\/aviso-legal\\\/\",\"name\":\"Aviso legal - Bennet &amp; Rey\",\"isPartOf\":{\"@id\":\"https:\\\/\\\/bennetrey.com\\\/#website\"},\"datePublished\":\"2024-12-23T13:09:41+00:00\",\"dateModified\":\"2025-01-14T17:21:18+00:00\",\"breadcrumb\":{\"@id\":\"https:\\\/\\\/bennetrey.com\\\/aviso-legal\\\/#breadcrumb\"},\"inLanguage\":\"es\",\"potentialAction\":[{\"@type\":\"ReadAction\",\"target\":[\"https:\\\/\\\/bennetrey.com\\\/aviso-legal\\\/\"]}]},{\"@type\":\"BreadcrumbList\",\"@id\":\"https:\\\/\\\/bennetrey.com\\\/aviso-legal\\\/#breadcrumb\",\"itemListElement\":[{\"@type\":\"ListItem\",\"position\":1,\"name\":\"Portada\",\"item\":\"https:\\\/\\\/bennetrey.com\\\/es\\\/\"},{\"@type\":\"ListItem\",\"position\":2,\"name\":\"Aviso legal\"}]},{\"@type\":\"WebSite\",\"@id\":\"https:\\\/\\\/bennetrey.com\\\/#website\",\"url\":\"https:\\\/\\\/bennetrey.com\\\/\",\"name\":\"Bennet & Rey\",\"description\":\"\",\"publisher\":{\"@id\":\"https:\\\/\\\/bennetrey.com\\\/#organization\"},\"potentialAction\":[{\"@type\":\"SearchAction\",\"target\":{\"@type\":\"EntryPoint\",\"urlTemplate\":\"https:\\\/\\\/bennetrey.com\\\/?s={search_term_string}\"},\"query-input\":{\"@type\":\"PropertyValueSpecification\",\"valueRequired\":true,\"valueName\":\"search_term_string\"}}],\"inLanguage\":\"es\"},{\"@type\":\"Organization\",\"@id\":\"https:\\\/\\\/bennetrey.com\\\/#organization\",\"name\":\"Bennet & Rey\",\"url\":\"https:\\\/\\\/bennetrey.com\\\/\",\"logo\":{\"@type\":\"ImageObject\",\"inLanguage\":\"es\",\"@id\":\"https:\\\/\\\/bennetrey.com\\\/#\\\/schema\\\/logo\\\/image\\\/\",\"url\":\"https:\\\/\\\/bennetrey.com\\\/wp-content\\\/uploads\\\/2024\\\/12\\\/bennetreylogo.webp\",\"contentUrl\":\"https:\\\/\\\/bennetrey.com\\\/wp-content\\\/uploads\\\/2024\\\/12\\\/bennetreylogo.webp\",\"width\":1010,\"height\":284,\"caption\":\"Bennet & Rey\"},\"image\":{\"@id\":\"https:\\\/\\\/bennetrey.com\\\/#\\\/schema\\\/logo\\\/image\\\/\"}}]}<\/script>\n<!-- \/ Yoast SEO plugin. -->","yoast_head_json":{"title":"Aviso legal - Bennet &amp; Rey","robots":{"index":"index","follow":"follow","max-snippet":"max-snippet:-1","max-image-preview":"max-image-preview:large","max-video-preview":"max-video-preview:-1"},"canonical":"https:\/\/bennetrey.com\/aviso-legal\/","og_locale":"es_ES","og_type":"article","og_title":"Aviso legal - Bennet &amp; Rey","og_description":"Las presentes disposiciones regulan el uso del servicio del portal de Internet (en adelante, el \u2018Portal\u2019) que Bennet &amp; Rey pone a disposici\u00f3n de los usuarios de Internet. El acceso a la p\u00e1gina web es gratuito salvo en lo relativo al coste de la conexi\u00f3n a trav\u00e9s de la red de telecomunicaciones suministrada por el [&hellip;]","og_url":"https:\/\/bennetrey.com\/aviso-legal\/","og_site_name":"Bennet &amp; Rey","article_modified_time":"2025-01-14T17:21:18+00:00","twitter_card":"summary_large_image","twitter_misc":{"Tiempo de lectura":"1 minuto"},"schema":{"@context":"https:\/\/schema.org","@graph":[{"@type":"WebPage","@id":"https:\/\/bennetrey.com\/aviso-legal\/","url":"https:\/\/bennetrey.com\/aviso-legal\/","name":"Aviso legal - Bennet &amp; Rey","isPartOf":{"@id":"https:\/\/bennetrey.com\/#website"},"datePublished":"2024-12-23T13:09:41+00:00","dateModified":"2025-01-14T17:21:18+00:00","breadcrumb":{"@id":"https:\/\/bennetrey.com\/aviso-legal\/#breadcrumb"},"inLanguage":"es","potentialAction":[{"@type":"ReadAction","target":["https:\/\/bennetrey.com\/aviso-legal\/"]}]},{"@type":"BreadcrumbList","@id":"https:\/\/bennetrey.com\/aviso-legal\/#breadcrumb","itemListElement":[{"@type":"ListItem","position":1,"name":"Portada","item":"https:\/\/bennetrey.com\/es\/"},{"@type":"ListItem","position":2,"name":"Aviso legal"}]},{"@type":"WebSite","@id":"https:\/\/bennetrey.com\/#website","url":"https:\/\/bennetrey.com\/","name":"Bennet & Rey","description":"","publisher":{"@id":"https:\/\/bennetrey.com\/#organization"},"potentialAction":[{"@type":"SearchAction","target":{"@type":"EntryPoint","urlTemplate":"https:\/\/bennetrey.com\/?s={search_term_string}"},"query-input":{"@type":"PropertyValueSpecification","valueRequired":true,"valueName":"search_term_string"}}],"inLanguage":"es"},{"@type":"Organization","@id":"https:\/\/bennetrey.com\/#organization","name":"Bennet & Rey","url":"https:\/\/bennetrey.com\/","logo":{"@type":"ImageObject","inLanguage":"es","@id":"https:\/\/bennetrey.com\/#\/schema\/logo\/image\/","url":"https:\/\/bennetrey.com\/wp-content\/uploads\/2024\/12\/bennetreylogo.webp","contentUrl":"https:\/\/bennetrey.com\/wp-content\/uploads\/2024\/12\/bennetreylogo.webp","width":1010,"height":284,"caption":"Bennet & Rey"},"image":{"@id":"https:\/\/bennetrey.com\/#\/schema\/logo\/image\/"}}]}},"_links":{"self":[{"href":"https:\/\/bennetrey.com\/es\/wp-json\/wp\/v2\/pages\/209","targetHints":{"allow":["GET"]}}],"collection":[{"href":"https:\/\/bennetrey.com\/es\/wp-json\/wp\/v2\/pages"}],"about":[{"href":"https:\/\/bennetrey.com\/es\/wp-json\/wp\/v2\/types\/page"}],"author":[{"embeddable":true,"href":"https:\/\/bennetrey.com\/es\/wp-json\/wp\/v2\/users\/1"}],"replies":[{"embeddable":true,"href":"https:\/\/bennetrey.com\/es\/wp-json\/wp\/v2\/comments?post=209"}],"version-history":[{"count":5,"href":"https:\/\/bennetrey.com\/es\/wp-json\/wp\/v2\/pages\/209\/revisions"}],"predecessor-version":[{"id":877,"href":"https:\/\/bennetrey.com\/es\/wp-json\/wp\/v2\/pages\/209\/revisions\/877"}],"wp:attachment":[{"href":"https:\/\/bennetrey.com\/es\/wp-json\/wp\/v2\/media?parent=209"}],"curies":[{"name":"wp","href":"https:\/\/api.w.org\/{rel}","templated":true}]}}