{"id":211,"date":"2024-12-23T13:10:01","date_gmt":"2024-12-23T13:10:01","guid":{"rendered":"https:\/\/dev97.especialistasweb.es\/?page_id=211"},"modified":"2025-01-22T09:37:48","modified_gmt":"2025-01-22T09:37:48","slug":"politica-de-privacidad-y-cookies","status":"publish","type":"page","link":"https:\/\/bennetrey.com\/es\/politica-de-privacidad-y-cookies\/","title":{"rendered":"Pol\u00edtica de privacidad y cookies"},"content":{"rendered":"<div>\n<h2><strong>Pol\u00edtica de COOKIES<\/strong><\/h2>\n<p>\u00bfQu\u00e9 son las cookies?\u00a0Las cookies son peque\u00f1os archivos de datos que se reciben desde el sitio Web visitado y se usan para registrar ciertas interacciones de la navegaci\u00f3n en un sitio Web. Estos archivos se almacenan en ordenador del usuario y contiene datos an\u00f3nimos que no son perjudiciales para su equipo. Se utilizan para recordar las preferencias del usuario, como el idioma seleccionado, datos de acceso o personalizaci\u00f3n de la p\u00e1gina.<\/p>\n<p>Las cookies tambi\u00e9n pueden ser utilizadas para registrar informaci\u00f3n an\u00f3nima acerca de c\u00f3mo un visitante utiliza un sitio. Por ejemplo, desde qu\u00e9 p\u00e1gina Web ha accedido, o si ha utilizado un \u00abbanner\u00bb publicitario para llegar.<\/p>\n<p>\u00bfPor qu\u00e9 Bennet &amp; Rey utiliza cookies?\u00a0Bennet &amp; Rey utiliza cookies estrictamente necesarias y esenciales para que usted utilice nuestro sitio Web y le permitan moverse libremente, utilizar \u00e1reas seguras, opciones personalizadas, etc. Adem\u00e1s, Bennet &amp; Rey utiliza cookies que recogen datos relativos al an\u00e1lisis de uso de la Web. \u00c9stas se utilizan para ayudar a mejorar el servicio al cliente, midiendo el uso y el rendimiento de la p\u00e1gina, para optimizarla y personalizarla.<\/p>\n<p>Nuestros sitios tambi\u00e9n pueden tener enlaces de redes sociales (como Facebook o Twitter). Bennet &amp; Rey no controla las cookies utilizadas por estas Web externas. Para m\u00e1s informaci\u00f3n sobre las cookies de las redes sociales u otras Webs ajenas, aconsejamos revisar sus propias pol\u00edticas de cookies.<\/p>\n<h2><strong>\u00bfQu\u00e9 uso le damos a los diferentes tipos de cookies?<\/strong><\/h2>\n<p>Las cookies t\u00e9cnicas son aqu\u00e9llas imprescindibles y estrictamente necesarias para el correcto funcionamiento de un portal Web. Por ejemplo, las que sirven para el mantenimiento de la sesi\u00f3n, la gesti\u00f3n del tiempo de respuesta, rendimiento o validaci\u00f3n de opciones. Estas cookies normalmente expiran al final de la sesi\u00f3n.<\/p>\n<p>Las cookies sociales, son aquellas utilizadas para la integraci\u00f3n de las distintas redes sociales en el sitio web (facebook, twitter, linkedin, google+)<\/p>\n<p>Las cookies anal\u00edticas son las utilizadas por nuestro portal web, para poder conocer las preferencias de los usuarios del mismo. Por ejemplo, mediante una cookie anal\u00edtica se controlar\u00edan las \u00e1reas geogr\u00e1ficas de mayor inter\u00e9s de un usuario, cu\u00e1l es el producto de m\u00e1s aceptaci\u00f3n, etc.<\/p>\n<p><span lang=\"es\">Las cookies de terceros son las utilizadas desde un sitio Web distinto al que est\u00e1s visitando y que \u00e9ste podr\u00eda utilizar por ejemplo para determinar patrones de comportamiento y poder as\u00ed mejorar la publicidad dirigida.<\/span><\/p>\n<p>Para cumplir con la legislaci\u00f3n vigente, tenemos que pedir su permiso para gestionar cookies. Al principio de su navegaci\u00f3n, le solicitaremos su conformidad. Si decide no autorizar el tratamiento o cierra el mensaje de solicitud de autorizaci\u00f3n, s\u00f3lo usar\u00edamos las cookies t\u00e9cnicas, puesto que son imprescindibles para la navegaci\u00f3n por nuestra Web. En este caso, no almacenar\u00edamos ninguna cookie.<\/p>\n<p>Tenga en cuenta que si rechaza o borra las cookies de navegaci\u00f3n por la Web Bennet &amp; Rey, no podremos mantener sus preferencias, algunas caracter\u00edsticas de las p\u00e1ginas no estar\u00e1n operativas, no podremos ofrecerle servicios personalizados y cada vez que vaya a navegar por nuestra Web tendremos que solicitarle de nuevo su autorizaci\u00f3n para el uso de cookies. En este sitio Web usamos exclusivamente cookies de tipo t\u00e9cnico.<\/p>\n<p>Adicionalmente, debe saber que es posible eliminar las cookies o impedir que se registre esta informaci\u00f3n en su equipo. Para esto debe acceder a las Opciones de su navegador, que se encuentra generalmente en el men\u00fa de Opciones, en la secci\u00f3n de \u00abprivacidad\u00bb. (Por favor, consulte la ayuda de su navegador para m\u00e1s informaci\u00f3n).<\/p>\n<p>Si acepta nuestras cookies, nos permite la mejora de las Webs de Bennet &amp; Rey para ofrecerle un acceso \u00f3ptimo y darle un servicio m\u00e1s eficaz y personalizado.<\/p>\n<p>Adem\u00e1s, usted puede configurar su navegador para establecer que s\u00f3lo los sitios Web de confianza o las p\u00e1ginas por las que est\u00e1 navegando en este momento puedan gestionar cookies lo que le permite seleccionar sus preferencias.<\/p>\n<p>Proporcionando esta pol\u00edtica, Bennet &amp; Rey demuestra el compromiso adquirido con la legislaci\u00f3n vigente sobre el uso de cookies, proporcion\u00e1ndole informaci\u00f3n para que usted pueda comprender qu\u00e9 tipo de cookies utilizamos y por qu\u00e9 lo hacemos. Con esto, pretendemos proporcionarle transparencia en cuanto a los datos tratados acerca de la navegaci\u00f3n realizada desde su equipo en nuestra Web.<\/p>\n<p>Si tiene cualquier pregunta sobre c\u00f3mo usamos las cookies, y no est\u00e1 contestada en \u00e9sta pol\u00edtica, por favor m\u00e1ndenos sus comentarios a trav\u00e9s del servicio de Atenci\u00f3n al Cliente.<\/p>\n<p>Si necesita obtener m\u00e1s informaci\u00f3n sobre la Regulaci\u00f3n sobre la Privacidad y Comunicaciones Electr\u00f3nicas puede encontrarla en la \u00abInformation Commissioner\u2019s Office\u00bb. Tambi\u00e9n se puede consultar la directiva en el Diario oficial de la Uni\u00f3n Europea.<\/p>\n<\/div>\n<div>\n<div id=\"cookiefirst-cookies-table\"><\/div>\n<\/div>\n<p><!--more--><br \/>\n<!-- {\"type\":\"layout\",\"children\":[{\"type\":\"section\",\"props\":{\"image_position\":\"center-center\",\"style\":\"default\",\"title_breakpoint\":\"xl\",\"title_position\":\"top-left\",\"title_rotation\":\"left\",\"vertical_align\":\"middle\",\"width\":\"default\"},\"children\":[{\"type\":\"row\",\"children\":[{\"type\":\"column\",\"props\":{\"image_position\":\"center-center\",\"position_sticky_breakpoint\":\"m\"},\"children\":[{\"type\":\"headline\",\"props\":{\"title_element\":\"h1\"},\"source\":{\"query\":{\"name\":\"pages.singlePage\"},\"props\":{\"content\":{\"filters\":{\"search\":\"\"},\"name\":\"title\"}}}},{\"type\":\"text\",\"props\":{\"column_breakpoint\":\"m\",\"content\":\"\n\n<h2><strong>Pol\\u00edtica de COOKIES<\\\/strong><\\\/h2>\\n\n\n<p>\\u00bfQu\\u00e9 son las cookies?\\u00a0Las cookies son peque\\u00f1os archivos de datos que se reciben desde el sitio Web visitado y se usan para registrar ciertas interacciones de la navegaci\\u00f3n en un sitio Web. Estos archivos se almacenan en ordenador del usuario y contiene datos an\\u00f3nimos que no son perjudiciales para su equipo. Se utilizan para recordar las preferencias del usuario, como el idioma seleccionado, datos de acceso o personalizaci\\u00f3n de la p\\u00e1gina.<\\\/p>\\n\n\n<p>Las cookies tambi\\u00e9n pueden ser utilizadas para registrar informaci\\u00f3n an\\u00f3nima acerca de c\\u00f3mo un visitante utiliza un sitio. Por ejemplo, desde qu\\u00e9 p\\u00e1gina Web ha accedido, o si ha utilizado un \\u00abbanner\\u00bb publicitario para llegar.<\\\/p>\\n\n\n<p>\\u00bfPor qu\\u00e9 Bennet &amp; Rey utiliza cookies?\\u00a0Bennet &amp; Rey utiliza cookies estrictamente necesarias y esenciales para que usted utilice nuestro sitio Web y le permitan moverse libremente, utilizar \\u00e1reas seguras, opciones personalizadas, etc. Adem\\u00e1s, Bennet &amp; Rey utiliza cookies que recogen datos relativos al an\\u00e1lisis de uso de la Web. \\u00c9stas se utilizan para ayudar a mejorar el servicio al cliente, midiendo el uso y el rendimiento de la p\\u00e1gina, para optimizarla y personalizarla.<\\\/p>\\n\n\n<p>Nuestros sitios tambi\\u00e9n pueden tener enlaces de redes sociales (como Facebook o Twitter). Bennet &amp; Rey no controla las cookies utilizadas por estas Web externas. Para m\\u00e1s informaci\\u00f3n sobre las cookies de las redes sociales u otras Webs ajenas, aconsejamos revisar sus propias pol\\u00edticas de cookies.<\\\/p>\\n\n\n<h2><strong>\\u00bfQu\\u00e9 uso le damos a los diferentes tipos de cookies?<\\\/strong><\\\/h2>\\n\n\n<p>Las cookies t\\u00e9cnicas son aqu\\u00e9llas imprescindibles y estrictamente necesarias para el correcto funcionamiento de un portal Web. Por ejemplo, las que sirven para el mantenimiento de la sesi\\u00f3n, la gesti\\u00f3n del tiempo de respuesta, rendimiento o validaci\\u00f3n de opciones. Estas cookies normalmente expiran al final de la sesi\\u00f3n.<\\\/p>\\n\n\n<p>Las cookies sociales, son aquellas utilizadas para la integraci\\u00f3n de las distintas redes sociales en el sitio web (facebook, twitter, linkedin, google+)<\\\/p>\\n\n\n<p>Las cookies anal\\u00edticas son las utilizadas por nuestro portal web, para poder conocer las preferencias de los usuarios del mismo. Por ejemplo, mediante una cookie anal\\u00edtica se controlar\\u00edan las \\u00e1reas geogr\\u00e1ficas de mayor inter\\u00e9s de un usuario, cu\\u00e1l es el producto de m\\u00e1s aceptaci\\u00f3n, etc.<\\\/p>\\n\n\n<p><span lang=\\\"es\\\">Las cookies de terceros son las utilizadas desde un sitio Web distinto al que est\\u00e1s visitando y que \\u00e9ste podr\\u00eda utilizar por ejemplo para determinar patrones de comportamiento y poder as\\u00ed mejorar la publicidad dirigida.<\\\/span><\\\/p>\\n\n\n<p>Para cumplir con la legislaci\\u00f3n vigente, tenemos que pedir su permiso para gestionar cookies. Al principio de su navegaci\\u00f3n, le solicitaremos su conformidad. Si decide no autorizar el tratamiento o cierra el mensaje de solicitud de autorizaci\\u00f3n, s\\u00f3lo usar\\u00edamos las cookies t\\u00e9cnicas, puesto que son imprescindibles para la navegaci\\u00f3n por nuestra Web. En este caso, no almacenar\\u00edamos ninguna cookie.<\\\/p>\\n\n\n<p>Tenga en cuenta que si rechaza o borra las cookies de navegaci\\u00f3n por la Web Bennet &amp; Rey, no podremos mantener sus preferencias, algunas caracter\\u00edsticas de las p\\u00e1ginas no estar\\u00e1n operativas, no podremos ofrecerle servicios personalizados y cada vez que vaya a navegar por nuestra Web tendremos que solicitarle de nuevo su autorizaci\\u00f3n para el uso de cookies. En este sitio Web usamos exclusivamente cookies de tipo t\\u00e9cnico.<\\\/p>\\n\n\n<p>Adicionalmente, debe saber que es posible eliminar las cookies o impedir que se registre esta informaci\\u00f3n en su equipo. Para esto debe acceder a las Opciones de su navegador, que se encuentra generalmente en el men\\u00fa de Opciones, en la secci\\u00f3n de \\u00abprivacidad\\u00bb. (Por favor, consulte la ayuda de su navegador para m\\u00e1s informaci\\u00f3n).<\\\/p>\\n\n\n<p>Si acepta nuestras cookies, nos permite la mejora de las Webs de Bennet &amp; Rey para ofrecerle un acceso \\u00f3ptimo y darle un servicio m\\u00e1s eficaz y personalizado.<\\\/p>\\n\n\n<p>Adem\\u00e1s, usted puede configurar su navegador para establecer que s\\u00f3lo los sitios Web de confianza o las p\\u00e1ginas por las que est\\u00e1 navegando en este momento puedan gestionar cookies lo que le permite seleccionar sus preferencias.<\\\/p>\\n\n\n<p>Proporcionando esta pol\\u00edtica, Bennet &amp; Rey demuestra el compromiso adquirido con la legislaci\\u00f3n vigente sobre el uso de cookies, proporcion\\u00e1ndole informaci\\u00f3n para que usted pueda comprender qu\\u00e9 tipo de cookies utilizamos y por qu\\u00e9 lo hacemos. Con esto, pretendemos proporcionarle transparencia en cuanto a los datos tratados acerca de la navegaci\\u00f3n realizada desde su equipo en nuestra Web.<\\\/p>\\n\n\n<p>Si tiene cualquier pregunta sobre c\\u00f3mo usamos las cookies, y no est\\u00e1 contestada en \\u00e9sta pol\\u00edtica, por favor m\\u00e1ndenos sus comentarios a trav\\u00e9s del servicio de Atenci\\u00f3n al Cliente.<\\\/p>\\n\n\n<p>Si necesita obtener m\\u00e1s informaci\\u00f3n sobre la Regulaci\\u00f3n sobre la Privacidad y Comunicaciones Electr\\u00f3nicas puede encontrarla en la \\u00abInformation Commissioner\\u2019s Office\\u00bb. Tambi\\u00e9n se puede consultar la directiva en el Diario oficial de la Uni\\u00f3n Europea.<\\\/p>\",\"css\":\".el-element h2 {\\n\\tfont-size: 18px;\\n    font-weight: 600;\\n}\\n\",\"margin\":\"default\"}},{\"type\":\"text\",\"props\":{\"column_breakpoint\":\"m\",\"content\":\"\n\n<div id=\\\"cookiefirst-cookies-table\\\"><\\\/div>\",\"margin\":\"default\"}}]}]}]}],\"version\":\"4.5.0\"} --><\/p>\n","protected":false},"excerpt":{"rendered":"<p>Pol\u00edtica de COOKIES \u00bfQu\u00e9 son las cookies?\u00a0Las cookies son peque\u00f1os archivos de datos que se reciben desde el sitio Web visitado y se usan para registrar ciertas interacciones de la navegaci\u00f3n en un sitio Web. Estos archivos se almacenan en ordenador del usuario y contiene datos an\u00f3nimos que no son perjudiciales para su equipo. Se [&hellip;]<\/p>\n","protected":false},"author":1,"featured_media":0,"parent":0,"menu_order":0,"comment_status":"closed","ping_status":"closed","template":"","meta":{"_acf_changed":false,"footnotes":""},"class_list":["post-211","page","type-page","status-publish","hentry"],"acf":[],"yoast_head":"<!-- This site is optimized with the Yoast SEO plugin v27.3 - https:\/\/yoast.com\/product\/yoast-seo-wordpress\/ -->\n<title>Pol\u00edtica de privacidad y cookies - Bennet &amp; Rey<\/title>\n<meta name=\"robots\" content=\"index, follow, max-snippet:-1, max-image-preview:large, max-video-preview:-1\" \/>\n<link rel=\"canonical\" href=\"https:\/\/bennetrey.com\/politica-de-privacidad-y-cookies\/\" \/>\n<meta property=\"og:locale\" content=\"es_ES\" \/>\n<meta property=\"og:type\" content=\"article\" \/>\n<meta property=\"og:title\" content=\"Pol\u00edtica de privacidad y cookies - Bennet &amp; Rey\" \/>\n<meta property=\"og:description\" content=\"Pol\u00edtica de COOKIES \u00bfQu\u00e9 son las cookies?\u00a0Las cookies son peque\u00f1os archivos de datos que se reciben desde el sitio Web visitado y se usan para registrar ciertas interacciones de la navegaci\u00f3n en un sitio Web. Estos archivos se almacenan en ordenador del usuario y contiene datos an\u00f3nimos que no son perjudiciales para su equipo. Se [&hellip;]\" \/>\n<meta property=\"og:url\" content=\"https:\/\/bennetrey.com\/politica-de-privacidad-y-cookies\/\" \/>\n<meta property=\"og:site_name\" content=\"Bennet &amp; Rey\" \/>\n<meta property=\"article:modified_time\" content=\"2025-01-22T09:37:48+00:00\" \/>\n<meta name=\"twitter:card\" content=\"summary_large_image\" \/>\n<meta name=\"twitter:label1\" content=\"Tiempo de lectura\" \/>\n\t<meta name=\"twitter:data1\" content=\"4 minutos\" \/>\n<script type=\"application\/ld+json\" class=\"yoast-schema-graph\">{\"@context\":\"https:\\\/\\\/schema.org\",\"@graph\":[{\"@type\":\"WebPage\",\"@id\":\"https:\\\/\\\/bennetrey.com\\\/politica-de-privacidad-y-cookies\\\/\",\"url\":\"https:\\\/\\\/bennetrey.com\\\/politica-de-privacidad-y-cookies\\\/\",\"name\":\"Pol\u00edtica de privacidad y cookies - Bennet &amp; Rey\",\"isPartOf\":{\"@id\":\"https:\\\/\\\/bennetrey.com\\\/#website\"},\"datePublished\":\"2024-12-23T13:10:01+00:00\",\"dateModified\":\"2025-01-22T09:37:48+00:00\",\"breadcrumb\":{\"@id\":\"https:\\\/\\\/bennetrey.com\\\/politica-de-privacidad-y-cookies\\\/#breadcrumb\"},\"inLanguage\":\"es\",\"potentialAction\":[{\"@type\":\"ReadAction\",\"target\":[\"https:\\\/\\\/bennetrey.com\\\/politica-de-privacidad-y-cookies\\\/\"]}]},{\"@type\":\"BreadcrumbList\",\"@id\":\"https:\\\/\\\/bennetrey.com\\\/politica-de-privacidad-y-cookies\\\/#breadcrumb\",\"itemListElement\":[{\"@type\":\"ListItem\",\"position\":1,\"name\":\"Portada\",\"item\":\"https:\\\/\\\/bennetrey.com\\\/es\\\/\"},{\"@type\":\"ListItem\",\"position\":2,\"name\":\"Pol\u00edtica de privacidad y cookies\"}]},{\"@type\":\"WebSite\",\"@id\":\"https:\\\/\\\/bennetrey.com\\\/#website\",\"url\":\"https:\\\/\\\/bennetrey.com\\\/\",\"name\":\"Bennet & Rey\",\"description\":\"\",\"publisher\":{\"@id\":\"https:\\\/\\\/bennetrey.com\\\/#organization\"},\"potentialAction\":[{\"@type\":\"SearchAction\",\"target\":{\"@type\":\"EntryPoint\",\"urlTemplate\":\"https:\\\/\\\/bennetrey.com\\\/?s={search_term_string}\"},\"query-input\":{\"@type\":\"PropertyValueSpecification\",\"valueRequired\":true,\"valueName\":\"search_term_string\"}}],\"inLanguage\":\"es\"},{\"@type\":\"Organization\",\"@id\":\"https:\\\/\\\/bennetrey.com\\\/#organization\",\"name\":\"Bennet & Rey\",\"url\":\"https:\\\/\\\/bennetrey.com\\\/\",\"logo\":{\"@type\":\"ImageObject\",\"inLanguage\":\"es\",\"@id\":\"https:\\\/\\\/bennetrey.com\\\/#\\\/schema\\\/logo\\\/image\\\/\",\"url\":\"https:\\\/\\\/bennetrey.com\\\/wp-content\\\/uploads\\\/2024\\\/12\\\/bennetreylogo.webp\",\"contentUrl\":\"https:\\\/\\\/bennetrey.com\\\/wp-content\\\/uploads\\\/2024\\\/12\\\/bennetreylogo.webp\",\"width\":1010,\"height\":284,\"caption\":\"Bennet & Rey\"},\"image\":{\"@id\":\"https:\\\/\\\/bennetrey.com\\\/#\\\/schema\\\/logo\\\/image\\\/\"}}]}<\/script>\n<!-- \/ Yoast SEO plugin. -->","yoast_head_json":{"title":"Pol\u00edtica de privacidad y cookies - Bennet &amp; Rey","robots":{"index":"index","follow":"follow","max-snippet":"max-snippet:-1","max-image-preview":"max-image-preview:large","max-video-preview":"max-video-preview:-1"},"canonical":"https:\/\/bennetrey.com\/politica-de-privacidad-y-cookies\/","og_locale":"es_ES","og_type":"article","og_title":"Pol\u00edtica de privacidad y cookies - Bennet &amp; Rey","og_description":"Pol\u00edtica de COOKIES \u00bfQu\u00e9 son las cookies?\u00a0Las cookies son peque\u00f1os archivos de datos que se reciben desde el sitio Web visitado y se usan para registrar ciertas interacciones de la navegaci\u00f3n en un sitio Web. Estos archivos se almacenan en ordenador del usuario y contiene datos an\u00f3nimos que no son perjudiciales para su equipo. Se [&hellip;]","og_url":"https:\/\/bennetrey.com\/politica-de-privacidad-y-cookies\/","og_site_name":"Bennet &amp; Rey","article_modified_time":"2025-01-22T09:37:48+00:00","twitter_card":"summary_large_image","twitter_misc":{"Tiempo de lectura":"4 minutos"},"schema":{"@context":"https:\/\/schema.org","@graph":[{"@type":"WebPage","@id":"https:\/\/bennetrey.com\/politica-de-privacidad-y-cookies\/","url":"https:\/\/bennetrey.com\/politica-de-privacidad-y-cookies\/","name":"Pol\u00edtica de privacidad y cookies - Bennet &amp; Rey","isPartOf":{"@id":"https:\/\/bennetrey.com\/#website"},"datePublished":"2024-12-23T13:10:01+00:00","dateModified":"2025-01-22T09:37:48+00:00","breadcrumb":{"@id":"https:\/\/bennetrey.com\/politica-de-privacidad-y-cookies\/#breadcrumb"},"inLanguage":"es","potentialAction":[{"@type":"ReadAction","target":["https:\/\/bennetrey.com\/politica-de-privacidad-y-cookies\/"]}]},{"@type":"BreadcrumbList","@id":"https:\/\/bennetrey.com\/politica-de-privacidad-y-cookies\/#breadcrumb","itemListElement":[{"@type":"ListItem","position":1,"name":"Portada","item":"https:\/\/bennetrey.com\/es\/"},{"@type":"ListItem","position":2,"name":"Pol\u00edtica de privacidad y cookies"}]},{"@type":"WebSite","@id":"https:\/\/bennetrey.com\/#website","url":"https:\/\/bennetrey.com\/","name":"Bennet & Rey","description":"","publisher":{"@id":"https:\/\/bennetrey.com\/#organization"},"potentialAction":[{"@type":"SearchAction","target":{"@type":"EntryPoint","urlTemplate":"https:\/\/bennetrey.com\/?s={search_term_string}"},"query-input":{"@type":"PropertyValueSpecification","valueRequired":true,"valueName":"search_term_string"}}],"inLanguage":"es"},{"@type":"Organization","@id":"https:\/\/bennetrey.com\/#organization","name":"Bennet & Rey","url":"https:\/\/bennetrey.com\/","logo":{"@type":"ImageObject","inLanguage":"es","@id":"https:\/\/bennetrey.com\/#\/schema\/logo\/image\/","url":"https:\/\/bennetrey.com\/wp-content\/uploads\/2024\/12\/bennetreylogo.webp","contentUrl":"https:\/\/bennetrey.com\/wp-content\/uploads\/2024\/12\/bennetreylogo.webp","width":1010,"height":284,"caption":"Bennet & Rey"},"image":{"@id":"https:\/\/bennetrey.com\/#\/schema\/logo\/image\/"}}]}},"_links":{"self":[{"href":"https:\/\/bennetrey.com\/es\/wp-json\/wp\/v2\/pages\/211","targetHints":{"allow":["GET"]}}],"collection":[{"href":"https:\/\/bennetrey.com\/es\/wp-json\/wp\/v2\/pages"}],"about":[{"href":"https:\/\/bennetrey.com\/es\/wp-json\/wp\/v2\/types\/page"}],"author":[{"embeddable":true,"href":"https:\/\/bennetrey.com\/es\/wp-json\/wp\/v2\/users\/1"}],"replies":[{"embeddable":true,"href":"https:\/\/bennetrey.com\/es\/wp-json\/wp\/v2\/comments?post=211"}],"version-history":[{"count":6,"href":"https:\/\/bennetrey.com\/es\/wp-json\/wp\/v2\/pages\/211\/revisions"}],"predecessor-version":[{"id":1382,"href":"https:\/\/bennetrey.com\/es\/wp-json\/wp\/v2\/pages\/211\/revisions\/1382"}],"wp:attachment":[{"href":"https:\/\/bennetrey.com\/es\/wp-json\/wp\/v2\/media?parent=211"}],"curies":[{"name":"wp","href":"https:\/\/api.w.org\/{rel}","templated":true}]}}