{"id":213,"date":"2024-12-23T13:10:12","date_gmt":"2024-12-23T13:10:12","guid":{"rendered":"https:\/\/dev97.especialistasweb.es\/?page_id=213"},"modified":"2025-01-14T17:24:25","modified_gmt":"2025-01-14T17:24:25","slug":"politica-de-proteccion-de-datos","status":"publish","type":"page","link":"https:\/\/bennetrey.com\/es\/politica-de-proteccion-de-datos\/","title":{"rendered":"Pol\u00edtica de Protecci\u00f3n de Datos"},"content":{"rendered":"<div>\n<h2>Tratamiento de datos de car\u00e1cter personal<\/h2>\n<p>En cumplimiento con lo dispuesto en la Ley Org\u00e1nica 15\/1999, de 13 de diciembre, de Protecci\u00f3n de Datos de Car\u00e1cter Personal (\u2018LOPD\u2019), le informamos de que los datos personales e informaci\u00f3n que nos facilite al cumplimentar cualquier formulario electr\u00f3nico disponible en el Portal (\u2018Datos\u2019), ser\u00e1n incorporados en un fichero de datos de car\u00e1cter personal titularidad de la abogado, Margaret Hauschild Rey inscrito en el Registro General de la Agencia Espa\u00f1ola de Protecci\u00f3n de Datos, cuya finalidad es la gesti\u00f3n fiscal, contable y administrativa de la relaci\u00f3n contractual.<\/p>\n<h2>Comunicaciones comerciales<\/h2>\n<p>En alguno de los formularios electr\u00f3nicos se le solicitar\u00e1 su consentimiento expreso para poderle remitir comunicaciones comerciales por cualquier medio, incluido el correo electr\u00f3nico o medios de comunicaci\u00f3n electr\u00f3nica equivalentes, de conformidad con lo dispuesto en el art\u00edculo 21 LSSI.<\/p>\n<h2>Medidas de seguridad<\/h2>\n<p>Bennet &amp; Rey adopta los niveles de seguridad requeridos por el Real Decreto 1720\/2007, de 21 de diciembre, por el que se aprueba el Reglamento de desarrollo de la LOPD, adecuados a la naturaleza de los datos que son objeto de tratamiento en cada momento. No obstante lo anterior, la seguridad t\u00e9cnica en un medio como Internet no es inexpugnable y pueden existir actuaciones dolosas de terceros, si bien Bennet &amp; Rey pone todos los medios a su alcance para evitar dichas actuaciones.<\/p>\n<h2>Derechos ARCO<\/h2>\n<p>El Usuario podr\u00e1 ejercer sus derechos de Acceso, Rectificaci\u00f3n, Cancelaci\u00f3n y Oposici\u00f3n (\u2018Derechos ARCO\u2019) en los t\u00e9rminos legalmente previstos debiendo para ello dirigir una comunicaci\u00f3n mediante correo postal al Dpto. de Protecci\u00f3n de Datos y Privacidad de Bennet &amp; Rey, Paseo de la Habana, 144-C, Esc.Iz, 3\u00ba Dcha. 28036-Madrid,Espa\u00f1a\u00f1 o enviando un mensaje de correo electr\u00f3nico a la siguiente direcci\u00f3n:\u00a0<a href=\"mailto:info@bennetrey.com\">info@bennetrey.com<\/a>, indicando en ambos casos su nombre y apellidos.<\/p>\n<\/div>\n<p><!--more--><br \/>\n<!-- {\"type\":\"layout\",\"children\":[{\"type\":\"section\",\"props\":{\"image_position\":\"center-center\",\"style\":\"default\",\"title_breakpoint\":\"xl\",\"title_position\":\"top-left\",\"title_rotation\":\"left\",\"vertical_align\":\"middle\",\"width\":\"default\"},\"children\":[{\"type\":\"row\",\"children\":[{\"type\":\"column\",\"props\":{\"image_position\":\"center-center\",\"position_sticky_breakpoint\":\"m\"},\"children\":[{\"type\":\"headline\",\"props\":{\"title_element\":\"h1\"},\"source\":{\"query\":{\"name\":\"pages.singlePage\"},\"props\":{\"content\":{\"filters\":{\"search\":\"\"},\"name\":\"title\"}}}},{\"type\":\"text\",\"props\":{\"column_breakpoint\":\"m\",\"content\":\"\n\n<h2>Tratamiento de datos de car\\u00e1cter personal<\\\/h2>\\n\n\n<p>En cumplimiento con lo dispuesto en la Ley Org\\u00e1nica 15\\\/1999, de 13 de diciembre, de Protecci\\u00f3n de Datos de Car\\u00e1cter Personal (\\u2018LOPD\\u2019), le informamos de que los datos personales e informaci\\u00f3n que nos facilite al cumplimentar cualquier formulario electr\\u00f3nico disponible en el Portal (\\u2018Datos\\u2019), ser\\u00e1n incorporados en un fichero de datos de car\\u00e1cter personal titularidad de la abogado, Margaret Hauschild Rey inscrito en el Registro General de la Agencia Espa\\u00f1ola de Protecci\\u00f3n de Datos, cuya finalidad es la gesti\\u00f3n fiscal, contable y administrativa de la relaci\\u00f3n contractual.<\\\/p>\\n\n\n<h2>Comunicaciones comerciales<\\\/h2>\\n\n\n<p>En alguno de los formularios electr\\u00f3nicos se le solicitar\\u00e1 su consentimiento expreso para poderle remitir comunicaciones comerciales por cualquier medio, incluido el correo electr\\u00f3nico o medios de comunicaci\\u00f3n electr\\u00f3nica equivalentes, de conformidad con lo dispuesto en el art\\u00edculo 21 LSSI.<\\\/p>\\n\n\n<h2>Medidas de seguridad<\\\/h2>\\n\n\n<p>Bennet &amp; Rey adopta los niveles de seguridad requeridos por el Real Decreto 1720\\\/2007, de 21 de diciembre, por el que se aprueba el Reglamento de desarrollo de la LOPD, adecuados a la naturaleza de los datos que son objeto de tratamiento en cada momento. No obstante lo anterior, la seguridad t\\u00e9cnica en un medio como Internet no es inexpugnable y pueden existir actuaciones dolosas de terceros, si bien Bennet &amp; Rey pone todos los medios a su alcance para evitar dichas actuaciones.<\\\/p>\\n\n\n<h2>Derechos ARCO<\\\/h2>\\n\n\n<p>El Usuario podr\\u00e1 ejercer sus derechos de Acceso, Rectificaci\\u00f3n, Cancelaci\\u00f3n y Oposici\\u00f3n (\\u2018Derechos ARCO\\u2019) en los t\\u00e9rminos legalmente previstos debiendo para ello dirigir una comunicaci\\u00f3n mediante correo postal al Dpto. de Protecci\\u00f3n de Datos y Privacidad de Bennet &amp; Rey, Paseo de la Habana, 144-C, Esc.Iz, 3\\u00ba Dcha. 28036-Madrid,Espa\\u00f1a\\u00f1 o enviando un mensaje de correo electr\\u00f3nico a la siguiente direcci\\u00f3n:\\u00a0<a href=\\\"mailto:info@bennetrey.com\\\">info@bennetrey.com<\\\/a>, indicando en ambos casos su nombre y apellidos.<\\\/p>\",\"css\":\".el-element h2 {\\n\\tfont-size: 18px;\\n    font-weight: 600;\\n}\\n\",\"margin\":\"default\"}}]}]}]}],\"version\":\"4.4.16\"} --><\/p>\n","protected":false},"excerpt":{"rendered":"<p>Tratamiento de datos de car\u00e1cter personal En cumplimiento con lo dispuesto en la Ley Org\u00e1nica 15\/1999, de 13 de diciembre, de Protecci\u00f3n de Datos de Car\u00e1cter Personal (\u2018LOPD\u2019), le informamos de que los datos personales e informaci\u00f3n que nos facilite al cumplimentar cualquier formulario electr\u00f3nico disponible en el Portal (\u2018Datos\u2019), ser\u00e1n incorporados en un fichero [&hellip;]<\/p>\n","protected":false},"author":1,"featured_media":0,"parent":0,"menu_order":0,"comment_status":"closed","ping_status":"closed","template":"","meta":{"_acf_changed":false,"footnotes":""},"class_list":["post-213","page","type-page","status-publish","hentry"],"acf":[],"yoast_head":"<!-- This site is optimized with the Yoast SEO plugin v27.3 - https:\/\/yoast.com\/product\/yoast-seo-wordpress\/ -->\n<title>Pol\u00edtica de Protecci\u00f3n de Datos - Bennet &amp; Rey<\/title>\n<meta name=\"robots\" content=\"index, follow, max-snippet:-1, max-image-preview:large, max-video-preview:-1\" \/>\n<link rel=\"canonical\" href=\"https:\/\/bennetrey.com\/politica-de-proteccion-de-datos\/\" \/>\n<meta property=\"og:locale\" content=\"es_ES\" \/>\n<meta property=\"og:type\" content=\"article\" \/>\n<meta property=\"og:title\" content=\"Pol\u00edtica de Protecci\u00f3n de Datos - Bennet &amp; Rey\" \/>\n<meta property=\"og:description\" content=\"Tratamiento de datos de car\u00e1cter personal En cumplimiento con lo dispuesto en la Ley Org\u00e1nica 15\/1999, de 13 de diciembre, de Protecci\u00f3n de Datos de Car\u00e1cter Personal (\u2018LOPD\u2019), le informamos de que los datos personales e informaci\u00f3n que nos facilite al cumplimentar cualquier formulario electr\u00f3nico disponible en el Portal (\u2018Datos\u2019), ser\u00e1n incorporados en un fichero [&hellip;]\" \/>\n<meta property=\"og:url\" content=\"https:\/\/bennetrey.com\/politica-de-proteccion-de-datos\/\" \/>\n<meta property=\"og:site_name\" content=\"Bennet &amp; Rey\" \/>\n<meta property=\"article:modified_time\" content=\"2025-01-14T17:24:25+00:00\" \/>\n<meta name=\"twitter:card\" content=\"summary_large_image\" \/>\n<meta name=\"twitter:label1\" content=\"Tiempo de lectura\" \/>\n\t<meta name=\"twitter:data1\" content=\"2 minutos\" \/>\n<script type=\"application\/ld+json\" class=\"yoast-schema-graph\">{\"@context\":\"https:\\\/\\\/schema.org\",\"@graph\":[{\"@type\":\"WebPage\",\"@id\":\"https:\\\/\\\/bennetrey.com\\\/politica-de-proteccion-de-datos\\\/\",\"url\":\"https:\\\/\\\/bennetrey.com\\\/politica-de-proteccion-de-datos\\\/\",\"name\":\"Pol\u00edtica de Protecci\u00f3n de Datos - Bennet &amp; Rey\",\"isPartOf\":{\"@id\":\"https:\\\/\\\/bennetrey.com\\\/#website\"},\"datePublished\":\"2024-12-23T13:10:12+00:00\",\"dateModified\":\"2025-01-14T17:24:25+00:00\",\"breadcrumb\":{\"@id\":\"https:\\\/\\\/bennetrey.com\\\/politica-de-proteccion-de-datos\\\/#breadcrumb\"},\"inLanguage\":\"es\",\"potentialAction\":[{\"@type\":\"ReadAction\",\"target\":[\"https:\\\/\\\/bennetrey.com\\\/politica-de-proteccion-de-datos\\\/\"]}]},{\"@type\":\"BreadcrumbList\",\"@id\":\"https:\\\/\\\/bennetrey.com\\\/politica-de-proteccion-de-datos\\\/#breadcrumb\",\"itemListElement\":[{\"@type\":\"ListItem\",\"position\":1,\"name\":\"Portada\",\"item\":\"https:\\\/\\\/bennetrey.com\\\/es\\\/\"},{\"@type\":\"ListItem\",\"position\":2,\"name\":\"Pol\u00edtica de Protecci\u00f3n de Datos\"}]},{\"@type\":\"WebSite\",\"@id\":\"https:\\\/\\\/bennetrey.com\\\/#website\",\"url\":\"https:\\\/\\\/bennetrey.com\\\/\",\"name\":\"Bennet & Rey\",\"description\":\"\",\"publisher\":{\"@id\":\"https:\\\/\\\/bennetrey.com\\\/#organization\"},\"potentialAction\":[{\"@type\":\"SearchAction\",\"target\":{\"@type\":\"EntryPoint\",\"urlTemplate\":\"https:\\\/\\\/bennetrey.com\\\/?s={search_term_string}\"},\"query-input\":{\"@type\":\"PropertyValueSpecification\",\"valueRequired\":true,\"valueName\":\"search_term_string\"}}],\"inLanguage\":\"es\"},{\"@type\":\"Organization\",\"@id\":\"https:\\\/\\\/bennetrey.com\\\/#organization\",\"name\":\"Bennet & Rey\",\"url\":\"https:\\\/\\\/bennetrey.com\\\/\",\"logo\":{\"@type\":\"ImageObject\",\"inLanguage\":\"es\",\"@id\":\"https:\\\/\\\/bennetrey.com\\\/#\\\/schema\\\/logo\\\/image\\\/\",\"url\":\"https:\\\/\\\/bennetrey.com\\\/wp-content\\\/uploads\\\/2024\\\/12\\\/bennetreylogo.webp\",\"contentUrl\":\"https:\\\/\\\/bennetrey.com\\\/wp-content\\\/uploads\\\/2024\\\/12\\\/bennetreylogo.webp\",\"width\":1010,\"height\":284,\"caption\":\"Bennet & Rey\"},\"image\":{\"@id\":\"https:\\\/\\\/bennetrey.com\\\/#\\\/schema\\\/logo\\\/image\\\/\"}}]}<\/script>\n<!-- \/ Yoast SEO plugin. -->","yoast_head_json":{"title":"Pol\u00edtica de Protecci\u00f3n de Datos - Bennet &amp; Rey","robots":{"index":"index","follow":"follow","max-snippet":"max-snippet:-1","max-image-preview":"max-image-preview:large","max-video-preview":"max-video-preview:-1"},"canonical":"https:\/\/bennetrey.com\/politica-de-proteccion-de-datos\/","og_locale":"es_ES","og_type":"article","og_title":"Pol\u00edtica de Protecci\u00f3n de Datos - Bennet &amp; Rey","og_description":"Tratamiento de datos de car\u00e1cter personal En cumplimiento con lo dispuesto en la Ley Org\u00e1nica 15\/1999, de 13 de diciembre, de Protecci\u00f3n de Datos de Car\u00e1cter Personal (\u2018LOPD\u2019), le informamos de que los datos personales e informaci\u00f3n que nos facilite al cumplimentar cualquier formulario electr\u00f3nico disponible en el Portal (\u2018Datos\u2019), ser\u00e1n incorporados en un fichero [&hellip;]","og_url":"https:\/\/bennetrey.com\/politica-de-proteccion-de-datos\/","og_site_name":"Bennet &amp; Rey","article_modified_time":"2025-01-14T17:24:25+00:00","twitter_card":"summary_large_image","twitter_misc":{"Tiempo de lectura":"2 minutos"},"schema":{"@context":"https:\/\/schema.org","@graph":[{"@type":"WebPage","@id":"https:\/\/bennetrey.com\/politica-de-proteccion-de-datos\/","url":"https:\/\/bennetrey.com\/politica-de-proteccion-de-datos\/","name":"Pol\u00edtica de Protecci\u00f3n de Datos - Bennet &amp; Rey","isPartOf":{"@id":"https:\/\/bennetrey.com\/#website"},"datePublished":"2024-12-23T13:10:12+00:00","dateModified":"2025-01-14T17:24:25+00:00","breadcrumb":{"@id":"https:\/\/bennetrey.com\/politica-de-proteccion-de-datos\/#breadcrumb"},"inLanguage":"es","potentialAction":[{"@type":"ReadAction","target":["https:\/\/bennetrey.com\/politica-de-proteccion-de-datos\/"]}]},{"@type":"BreadcrumbList","@id":"https:\/\/bennetrey.com\/politica-de-proteccion-de-datos\/#breadcrumb","itemListElement":[{"@type":"ListItem","position":1,"name":"Portada","item":"https:\/\/bennetrey.com\/es\/"},{"@type":"ListItem","position":2,"name":"Pol\u00edtica de Protecci\u00f3n de Datos"}]},{"@type":"WebSite","@id":"https:\/\/bennetrey.com\/#website","url":"https:\/\/bennetrey.com\/","name":"Bennet & Rey","description":"","publisher":{"@id":"https:\/\/bennetrey.com\/#organization"},"potentialAction":[{"@type":"SearchAction","target":{"@type":"EntryPoint","urlTemplate":"https:\/\/bennetrey.com\/?s={search_term_string}"},"query-input":{"@type":"PropertyValueSpecification","valueRequired":true,"valueName":"search_term_string"}}],"inLanguage":"es"},{"@type":"Organization","@id":"https:\/\/bennetrey.com\/#organization","name":"Bennet & Rey","url":"https:\/\/bennetrey.com\/","logo":{"@type":"ImageObject","inLanguage":"es","@id":"https:\/\/bennetrey.com\/#\/schema\/logo\/image\/","url":"https:\/\/bennetrey.com\/wp-content\/uploads\/2024\/12\/bennetreylogo.webp","contentUrl":"https:\/\/bennetrey.com\/wp-content\/uploads\/2024\/12\/bennetreylogo.webp","width":1010,"height":284,"caption":"Bennet & Rey"},"image":{"@id":"https:\/\/bennetrey.com\/#\/schema\/logo\/image\/"}}]}},"_links":{"self":[{"href":"https:\/\/bennetrey.com\/es\/wp-json\/wp\/v2\/pages\/213","targetHints":{"allow":["GET"]}}],"collection":[{"href":"https:\/\/bennetrey.com\/es\/wp-json\/wp\/v2\/pages"}],"about":[{"href":"https:\/\/bennetrey.com\/es\/wp-json\/wp\/v2\/types\/page"}],"author":[{"embeddable":true,"href":"https:\/\/bennetrey.com\/es\/wp-json\/wp\/v2\/users\/1"}],"replies":[{"embeddable":true,"href":"https:\/\/bennetrey.com\/es\/wp-json\/wp\/v2\/comments?post=213"}],"version-history":[{"count":5,"href":"https:\/\/bennetrey.com\/es\/wp-json\/wp\/v2\/pages\/213\/revisions"}],"predecessor-version":[{"id":880,"href":"https:\/\/bennetrey.com\/es\/wp-json\/wp\/v2\/pages\/213\/revisions\/880"}],"wp:attachment":[{"href":"https:\/\/bennetrey.com\/es\/wp-json\/wp\/v2\/media?parent=213"}],"curies":[{"name":"wp","href":"https:\/\/api.w.org\/{rel}","templated":true}]}}