{"id":916,"date":"2025-01-15T12:37:11","date_gmt":"2025-01-15T12:37:11","guid":{"rendered":"https:\/\/www.bennetrey.com\/?page_id=916"},"modified":"2025-07-28T11:07:57","modified_gmt":"2025-07-28T10:07:57","slug":"bases-de-los-premios-magna-carta","status":"publish","type":"page","link":"https:\/\/bennetrey.com\/es\/bases-de-los-premios-magna-carta\/","title":{"rendered":"Bases de los premios Magna Carta"},"content":{"rendered":"<div>\n<h2>1. Objeto de los Premios<\/h2>\n<p>Los Premios Magna Carta Awards est\u00e1n destinados a reconocer y premiar la labor de aquellas personas, instituciones, o entidades que, a trav\u00e9s de su actividad, contribuyen de manera destacada a fortalecer las relaciones entre el Reino Unido y Espa\u00f1a en los \u00e1mbitos cultural, social, econ\u00f3mico o acad\u00e9mico.<\/p>\n<h2>2. Categor\u00edas de los Premios<\/h2>\n<p>Los premios se otorgan en las siguientes categor\u00edas:<\/p>\n<ul>\n<li style=\"font-weight: 400;\" aria-level=\"1\"><span style=\"font-weight: 400;\">Premio cultural<\/span><\/li>\n<li style=\"font-weight: 400;\" aria-level=\"1\"><span style=\"font-weight: 400;\">Premio a la labor social<\/span><\/li>\n<li style=\"font-weight: 400;\" aria-level=\"1\"><span style=\"font-weight: 400;\">Premio empresarial<\/span><\/li>\n<li style=\"font-weight: 400;\" aria-level=\"1\"><span style=\"font-weight: 400;\">Premio periodista espa\u00f1ol<\/span><\/li>\n<li style=\"font-weight: 400;\" aria-level=\"1\"><span style=\"font-weight: 400;\">Premio periodista de habla inglesa<\/span><\/li>\n<li style=\"font-weight: 400;\" aria-level=\"1\"><span style=\"font-weight: 400;\">Premio a la protecci\u00f3n de Derechos Humanos<\/span><\/li>\n<li style=\"font-weight: 400;\" aria-level=\"1\"><span style=\"font-weight: 400;\">Premio a las Artes<\/span><\/li>\n<li style=\"font-weight: 400;\" aria-level=\"1\"><span style=\"font-weight: 400;\">Premio Peter Hauschild a la superaci\u00f3n\u00a0<\/span><\/li>\n<\/ul>\n<p>Nota: El Comit\u00e9 Organizador se reserva el derecho de crear nuevas categor\u00edas o declarar alguna categor\u00eda desierta si no se cumplen los requisitos en calidad o n\u00famero de candidaturas.<\/p>\n<h2>3. Requisitos de los Candidatos<\/h2>\n<p>\u2022 Podr\u00e1n ser candidatos tanto personas f\u00edsicas como jur\u00eddicas.<br \/>\u2022 El candidato debe haber contribuido de manera significativa al fortalecimiento de las relaciones entre Reino Unido y Espa\u00f1a en alguno de los \u00e1mbitos se\u00f1alados.<br \/>\u2022 Se admiten candidaturas propuestas por terceros, as\u00ed como la auto-candidatura.<br \/>\u2022 Ning\u00fan candidato\/a, podr\u00e1 estar incurso en un procedimiento judicial.<\/p>\n<h2>4. Presentaci\u00f3n de Candidaturas<\/h2>\n<p><span style=\"font-weight: 400;\">Las candidatures deber\u00e1n ser presentadas, enviando un email a:\u00a0 info@ bennetrey.com, especificando en el asunto del email: MAGNA CARTA AWARDS.\u00a0 En dicho email se incluir\u00e1 la documentaci\u00f3n debajo requerida.<\/span><\/p>\n<p><strong>Documentaci\u00f3n requerida:\u00a0<\/strong><\/p>\n<ul>\n<li><span style=\"font-weight: 400;\">Nombre, apellidos, email, n\u00famero de tel\u00e9fono, direcci\u00f3n y copia de documento de identidad (DNI, NIE o pasaporte) del solicitante. Si es una empresa o instituci\u00f3n: nombre, email, tel\u00e9fono, direcci\u00f3n y copia del CIF o n\u00famero de registro y el contacto de la persona que representa la empresa<\/span><b>.\u00a0<\/b><\/li>\n<li><span style=\"font-weight: 400;\">Categor\u00eda o tipo de premio para el que se presenta.\u00a0<\/span><\/li>\n<\/ul>\n<h2>5. Comit\u00e9 Evaluador<\/h2>\n<p>\u2022 El Comit\u00e9 Evaluador estar\u00e1 compuesto por los miembros del Comit\u00e9 de la Magna Carta y que deseen ser parte del Comit\u00e9 Evaluador y por posibles personalidades de prestigio en los \u00e1mbitos cultural, acad\u00e9mico, econ\u00f3mico y social de ambos pa\u00edses, as\u00ed como por representantes de la entidad organizadora.<br \/>\u2022 Los miembros del Comit\u00e9 Evaluador desempe\u00f1ar\u00e1n sus funciones de manera imparcial y objetiva.<br \/>\u2022 El Comit\u00e9 Evaluador podr\u00e1 solicitar informaci\u00f3n adicional sobre las candidaturas si lo considera necesario.<\/p>\n<h2>6. Criterios de Valoraci\u00f3n<\/h2>\n<p>\u2022 Impacto: Alcance y profundidad del impacto de la actividad del candidato en la promoci\u00f3n de las relaciones entre Reino Unido, otros pa\u00edses de habla inglesa, y Espa\u00f1a.<\/p>\n<p>y Espa\u00f1a.<br \/>\u2022 Innovaci\u00f3n: Car\u00e1cter innovador o pionero de las actividades realizadas.<br \/>\u2022 Sostenibilidad: Continuidad y sostenibilidad de las acciones en el tiempo.<br \/>\u2022 Compromiso y dedicaci\u00f3n: Nivel de compromiso demostrado en los proyectos o actividades desarrolladas.<\/p>\n<h2>7. Premios<\/h2>\n<p>\u2022 Cada galardonado recibir\u00e1 un premio documental y un certificado de reconocimiento.<br \/>\u2022 En su caso, se podr\u00e1 conceder, en futuras iniciativas, una dotaci\u00f3n econ\u00f3mica para continuar con sus proyectos o impulsar nuevas iniciativas.<\/p>\n<h2>8. Comunicaci\u00f3n de los Premios<\/h2>\n<p>\u2022 La resoluci\u00f3n del comit\u00e9 y la fecha de celebraci\u00f3n de la entrega de premios se har\u00e1 p\u00fablica con anterioridad.<br \/>\u2022 Los ganadores ser\u00e1n contactados previamente por el Comit\u00e9 Organizador para coordinar su asistencia a la ceremonia de entrega.<\/p>\n<h2>9. Aceptaci\u00f3n de las Bases<\/h2>\n<p>\u2022 La participaci\u00f3n en los Premios Concordia implica la aceptaci\u00f3n \u00edntegra de las presentes bases.<br \/>\u2022 Cualquier situaci\u00f3n no prevista en estas bases ser\u00e1 resuelta por el Comit\u00e9 Organizador, cuya decisi\u00f3n ser\u00e1 inapelable.<\/p>\n<h2>10. Protecci\u00f3n de Datos<\/h2>\n<p>\u2022 Los datos personales y materiales presentados en la candidatura ser\u00e1n tratados conforme a la legislaci\u00f3n vigente de protecci\u00f3n de datos y no se utilizar\u00e1n para otros fines sin autorizaci\u00f3n del interesado.<\/p>\n<\/div>\n<p><!--more--><br \/>\n<!-- {\"type\":\"layout\",\"children\":[{\"type\":\"section\",\"props\":{\"image_position\":\"center-center\",\"style\":\"default\",\"title_breakpoint\":\"xl\",\"title_position\":\"top-left\",\"title_rotation\":\"left\",\"vertical_align\":\"middle\",\"width\":\"default\"},\"children\":[{\"type\":\"row\",\"children\":[{\"type\":\"column\",\"props\":{\"image_position\":\"center-center\",\"position_sticky_breakpoint\":\"m\"},\"children\":[{\"type\":\"headline\",\"props\":{\"title_element\":\"h1\"},\"source\":{\"query\":{\"name\":\"pages.singlePage\"},\"props\":{\"content\":{\"filters\":{\"search\":\"\"},\"name\":\"title\"}}}},{\"type\":\"text\",\"props\":{\"column_breakpoint\":\"m\",\"content\":\"\n\n<h2>1. Objeto de los Premios<\\\/h2>\\n\n\n<p>Los Premios Magna Carta Awards est\\u00e1n destinados a reconocer y premiar la labor de aquellas personas, instituciones, o entidades que, a trav\\u00e9s de su actividad, contribuyen de manera destacada a fortalecer las relaciones entre el Reino Unido y Espa\\u00f1a en los \\u00e1mbitos cultural, social, econ\\u00f3mico o acad\\u00e9mico.<\\\/p>\\n\n\n<h2>2. Categor\\u00edas de los Premios<\\\/h2>\\n\n\n<p>Los premios se otorgan en las siguientes categor\\u00edas:<\\\/p>\\n\n\n<ul>\\n\n\n<li style=\\\"font-weight: 400;\\\" aria-level=\\\"1\\\"><span style=\\\"font-weight: 400;\\\">Premio cultural<\\\/span><\\\/li>\\n\n\n<li style=\\\"font-weight: 400;\\\" aria-level=\\\"1\\\"><span style=\\\"font-weight: 400;\\\">Premio a la labor social<\\\/span><\\\/li>\\n\n\n<li style=\\\"font-weight: 400;\\\" aria-level=\\\"1\\\"><span style=\\\"font-weight: 400;\\\">Premio empresarial<\\\/span><\\\/li>\\n\n\n<li style=\\\"font-weight: 400;\\\" aria-level=\\\"1\\\"><span style=\\\"font-weight: 400;\\\">Premio periodista espa\\u00f1ol<\\\/span><\\\/li>\\n\n\n<li style=\\\"font-weight: 400;\\\" aria-level=\\\"1\\\"><span style=\\\"font-weight: 400;\\\">Premio periodista de habla inglesa<\\\/span><\\\/li>\\n\n\n<li style=\\\"font-weight: 400;\\\" aria-level=\\\"1\\\"><span style=\\\"font-weight: 400;\\\">Premio a la protecci\\u00f3n de Derechos Humanos<\\\/span><\\\/li>\\n\n\n<li style=\\\"font-weight: 400;\\\" aria-level=\\\"1\\\"><span style=\\\"font-weight: 400;\\\">Premio a las Artes<\\\/span><\\\/li>\\n\n\n<li style=\\\"font-weight: 400;\\\" aria-level=\\\"1\\\"><span style=\\\"font-weight: 400;\\\">Premio Peter Hauschild a la superaci\\u00f3n\\u00a0<\\\/span><\\\/li>\\n<\\\/ul>\\n\n\n<p>Nota: El Comit\\u00e9 Organizador se reserva el derecho de crear nuevas categor\\u00edas o declarar alguna categor\\u00eda desierta si no se cumplen los requisitos en calidad o n\\u00famero de candidaturas.<\\\/p>\\n\n\n<h2>3. Requisitos de los Candidatos<\\\/h2>\\n\n\n<p>\\u2022 Podr\\u00e1n ser candidatos tanto personas f\\u00edsicas como jur\\u00eddicas.<br \\\/>\\u2022 El candidato debe haber contribuido de manera significativa al fortalecimiento de las relaciones entre Reino Unido y Espa\\u00f1a en alguno de los \\u00e1mbitos se\\u00f1alados.<br \\\/>\\u2022 Se admiten candidaturas propuestas por terceros, as\\u00ed como la auto-candidatura.<br \\\/>\\u2022 Ning\\u00fan candidato\\\/a, podr\\u00e1 estar incurso en un procedimiento judicial.<\\\/p>\\n\n\n<h2>4. Presentaci\\u00f3n de Candidaturas<\\\/h2>\\n\n\n<p><span style=\\\"font-weight: 400;\\\">Las candidatures deber\\u00e1n ser presentadas, enviando un email a:\\u00a0 info@ bennetrey.com, especificando en el asunto del email: MAGNA CARTA AWARDS.\\u00a0 En dicho email se incluir\\u00e1 la documentaci\\u00f3n debajo requerida.<\\\/span><\\\/p>\\n\n\n<p><strong>Documentaci\\u00f3n requerida:\\u00a0<\\\/strong><\\\/p>\\n\n\n<ul>\\n\n\n<li><span style=\\\"font-weight: 400;\\\">Nombre, apellidos, email, n\\u00famero de tel\\u00e9fono, direcci\\u00f3n y copia de documento de identidad (DNI, NIE o pasaporte) del solicitante. Si es una empresa o instituci\\u00f3n: nombre, email, tel\\u00e9fono, direcci\\u00f3n y copia del CIF o n\\u00famero de registro y el contacto de la persona que representa la empresa<\\\/span><b>.\\u00a0<\\\/b><\\\/li>\\n\n\n<li><span style=\\\"font-weight: 400;\\\">Categor\\u00eda o tipo de premio para el que se presenta.\\u00a0<\\\/span><\\\/li>\\n<\\\/ul>\\n\n\n<h2>5. Comit\\u00e9 Evaluador<\\\/h2>\\n\n\n<p>\\u2022 El Comit\\u00e9 Evaluador estar\\u00e1 compuesto por los miembros del Comit\\u00e9 de la Magna Carta y que deseen ser parte del Comit\\u00e9 Evaluador y por posibles personalidades de prestigio en los \\u00e1mbitos cultural, acad\\u00e9mico, econ\\u00f3mico y social de ambos pa\\u00edses, as\\u00ed como por representantes de la entidad organizadora.<br \\\/>\\u2022 Los miembros del Comit\\u00e9 Evaluador desempe\\u00f1ar\\u00e1n sus funciones de manera imparcial y objetiva.<br \\\/>\\u2022 El Comit\\u00e9 Evaluador podr\\u00e1 solicitar informaci\\u00f3n adicional sobre las candidaturas si lo considera necesario.<\\\/p>\\n\n\n<h2>6. Criterios de Valoraci\\u00f3n<\\\/h2>\\n\n\n<p>\\u2022 Impacto: Alcance y profundidad del impacto de la actividad del candidato en la promoci\\u00f3n de las relaciones entre Reino Unido, otros pa\\u00edses de habla inglesa, y Espa\\u00f1a.<\\\/p>\\n\n\n<p>y Espa\\u00f1a.<br \\\/>\\u2022 Innovaci\\u00f3n: Car\\u00e1cter innovador o pionero de las actividades realizadas.<br \\\/>\\u2022 Sostenibilidad: Continuidad y sostenibilidad de las acciones en el tiempo.<br \\\/>\\u2022 Compromiso y dedicaci\\u00f3n: Nivel de compromiso demostrado en los proyectos o actividades desarrolladas.<\\\/p>\\n\n\n<h2>7. Premios<\\\/h2>\\n\n\n<p>\\u2022 Cada galardonado recibir\\u00e1 un premio documental y un certificado de reconocimiento.<br \\\/>\\u2022 En su caso, se podr\\u00e1 conceder, en futuras iniciativas, una dotaci\\u00f3n econ\\u00f3mica para continuar con sus proyectos o impulsar nuevas iniciativas.<\\\/p>\\n\n\n<h2>8. Comunicaci\\u00f3n de los Premios<\\\/h2>\\n\n\n<p>\\u2022 La resoluci\\u00f3n del comit\\u00e9 y la fecha de celebraci\\u00f3n de la entrega de premios se har\\u00e1 p\\u00fablica con anterioridad.<br \\\/>\\u2022 Los ganadores ser\\u00e1n contactados previamente por el Comit\\u00e9 Organizador para coordinar su asistencia a la ceremonia de entrega.<\\\/p>\\n\n\n<h2>9. Aceptaci\\u00f3n de las Bases<\\\/h2>\\n\n\n<p>\\u2022 La participaci\\u00f3n en los Premios Concordia implica la aceptaci\\u00f3n \\u00edntegra de las presentes bases.<br \\\/>\\u2022 Cualquier situaci\\u00f3n no prevista en estas bases ser\\u00e1 resuelta por el Comit\\u00e9 Organizador, cuya decisi\\u00f3n ser\\u00e1 inapelable.<\\\/p>\\n\n\n<h2>10. Protecci\\u00f3n de Datos<\\\/h2>\\n\n\n<p>\\u2022 Los datos personales y materiales presentados en la candidatura ser\\u00e1n tratados conforme a la legislaci\\u00f3n vigente de protecci\\u00f3n de datos y no se utilizar\\u00e1n para otros fines sin autorizaci\\u00f3n del interesado.<\\\/p>\",\"css\":\".el-element h2 {\\n\\tfont-size: 18px;\\n    font-weight: 600;\\n}\\n\",\"margin\":\"default\"}}]}]}],\"name\":\"textos legales\"}],\"version\":\"4.5.5\"} --><\/p>\n","protected":false},"excerpt":{"rendered":"<p>1. Objeto de los Premios Los Premios Magna Carta Awards est\u00e1n destinados a reconocer y premiar la labor de aquellas personas, instituciones, o entidades que, a trav\u00e9s de su actividad, contribuyen de manera destacada a fortalecer las relaciones entre el Reino Unido y Espa\u00f1a en los \u00e1mbitos cultural, social, econ\u00f3mico o acad\u00e9mico. 2. Categor\u00edas de [&hellip;]<\/p>\n","protected":false},"author":1,"featured_media":0,"parent":0,"menu_order":0,"comment_status":"closed","ping_status":"closed","template":"","meta":{"_acf_changed":false,"footnotes":""},"class_list":["post-916","page","type-page","status-publish","hentry"],"acf":[],"yoast_head":"<!-- This site is optimized with the Yoast SEO plugin v27.2 - https:\/\/yoast.com\/product\/yoast-seo-wordpress\/ -->\n<title>Bases de los premios Magna Carta - Bennet &amp; Rey<\/title>\n<meta name=\"robots\" content=\"index, follow, max-snippet:-1, max-image-preview:large, max-video-preview:-1\" \/>\n<link rel=\"canonical\" href=\"https:\/\/bennetrey.com\/bases-de-los-premios-magna-carta\/\" \/>\n<meta property=\"og:locale\" content=\"es_ES\" \/>\n<meta property=\"og:type\" content=\"article\" \/>\n<meta property=\"og:title\" content=\"Bases de los premios Magna Carta - Bennet &amp; Rey\" \/>\n<meta property=\"og:description\" content=\"1. Objeto de los Premios Los Premios Magna Carta Awards est\u00e1n destinados a reconocer y premiar la labor de aquellas personas, instituciones, o entidades que, a trav\u00e9s de su actividad, contribuyen de manera destacada a fortalecer las relaciones entre el Reino Unido y Espa\u00f1a en los \u00e1mbitos cultural, social, econ\u00f3mico o acad\u00e9mico. 2. Categor\u00edas de [&hellip;]\" \/>\n<meta property=\"og:url\" content=\"https:\/\/bennetrey.com\/bases-de-los-premios-magna-carta\/\" \/>\n<meta property=\"og:site_name\" content=\"Bennet &amp; Rey\" \/>\n<meta property=\"article:modified_time\" content=\"2025-07-28T10:07:57+00:00\" \/>\n<meta name=\"twitter:card\" content=\"summary_large_image\" \/>\n<meta name=\"twitter:label1\" content=\"Tiempo de lectura\" \/>\n\t<meta name=\"twitter:data1\" content=\"3 minutos\" \/>\n<script type=\"application\/ld+json\" class=\"yoast-schema-graph\">{\"@context\":\"https:\/\/schema.org\",\"@graph\":[{\"@type\":\"WebPage\",\"@id\":\"https:\/\/bennetrey.com\/bases-de-los-premios-magna-carta\/\",\"url\":\"https:\/\/bennetrey.com\/bases-de-los-premios-magna-carta\/\",\"name\":\"Bases de los premios Magna Carta - Bennet &amp; Rey\",\"isPartOf\":{\"@id\":\"https:\/\/bennetrey.com\/#website\"},\"datePublished\":\"2025-01-15T12:37:11+00:00\",\"dateModified\":\"2025-07-28T10:07:57+00:00\",\"breadcrumb\":{\"@id\":\"https:\/\/bennetrey.com\/bases-de-los-premios-magna-carta\/#breadcrumb\"},\"inLanguage\":\"es\",\"potentialAction\":[{\"@type\":\"ReadAction\",\"target\":[\"https:\/\/bennetrey.com\/bases-de-los-premios-magna-carta\/\"]}]},{\"@type\":\"BreadcrumbList\",\"@id\":\"https:\/\/bennetrey.com\/bases-de-los-premios-magna-carta\/#breadcrumb\",\"itemListElement\":[{\"@type\":\"ListItem\",\"position\":1,\"name\":\"Portada\",\"item\":\"https:\/\/bennetrey.com\/es\/\"},{\"@type\":\"ListItem\",\"position\":2,\"name\":\"Bases de los premios Magna Carta\"}]},{\"@type\":\"WebSite\",\"@id\":\"https:\/\/bennetrey.com\/#website\",\"url\":\"https:\/\/bennetrey.com\/\",\"name\":\"Bennet & Rey\",\"description\":\"\",\"publisher\":{\"@id\":\"https:\/\/bennetrey.com\/#organization\"},\"potentialAction\":[{\"@type\":\"SearchAction\",\"target\":{\"@type\":\"EntryPoint\",\"urlTemplate\":\"https:\/\/bennetrey.com\/?s={search_term_string}\"},\"query-input\":{\"@type\":\"PropertyValueSpecification\",\"valueRequired\":true,\"valueName\":\"search_term_string\"}}],\"inLanguage\":\"es\"},{\"@type\":\"Organization\",\"@id\":\"https:\/\/bennetrey.com\/#organization\",\"name\":\"Bennet & Rey\",\"url\":\"https:\/\/bennetrey.com\/\",\"logo\":{\"@type\":\"ImageObject\",\"inLanguage\":\"es\",\"@id\":\"https:\/\/bennetrey.com\/#\/schema\/logo\/image\/\",\"url\":\"https:\/\/bennetrey.com\/wp-content\/uploads\/2024\/12\/bennetreylogo.webp\",\"contentUrl\":\"https:\/\/bennetrey.com\/wp-content\/uploads\/2024\/12\/bennetreylogo.webp\",\"width\":1010,\"height\":284,\"caption\":\"Bennet & Rey\"},\"image\":{\"@id\":\"https:\/\/bennetrey.com\/#\/schema\/logo\/image\/\"}}]}<\/script>\n<!-- \/ Yoast SEO plugin. -->","yoast_head_json":{"title":"Bases de los premios Magna Carta - Bennet &amp; Rey","robots":{"index":"index","follow":"follow","max-snippet":"max-snippet:-1","max-image-preview":"max-image-preview:large","max-video-preview":"max-video-preview:-1"},"canonical":"https:\/\/bennetrey.com\/bases-de-los-premios-magna-carta\/","og_locale":"es_ES","og_type":"article","og_title":"Bases de los premios Magna Carta - Bennet &amp; Rey","og_description":"1. Objeto de los Premios Los Premios Magna Carta Awards est\u00e1n destinados a reconocer y premiar la labor de aquellas personas, instituciones, o entidades que, a trav\u00e9s de su actividad, contribuyen de manera destacada a fortalecer las relaciones entre el Reino Unido y Espa\u00f1a en los \u00e1mbitos cultural, social, econ\u00f3mico o acad\u00e9mico. 2. Categor\u00edas de [&hellip;]","og_url":"https:\/\/bennetrey.com\/bases-de-los-premios-magna-carta\/","og_site_name":"Bennet &amp; Rey","article_modified_time":"2025-07-28T10:07:57+00:00","twitter_card":"summary_large_image","twitter_misc":{"Tiempo de lectura":"3 minutos"},"schema":{"@context":"https:\/\/schema.org","@graph":[{"@type":"WebPage","@id":"https:\/\/bennetrey.com\/bases-de-los-premios-magna-carta\/","url":"https:\/\/bennetrey.com\/bases-de-los-premios-magna-carta\/","name":"Bases de los premios Magna Carta - Bennet &amp; Rey","isPartOf":{"@id":"https:\/\/bennetrey.com\/#website"},"datePublished":"2025-01-15T12:37:11+00:00","dateModified":"2025-07-28T10:07:57+00:00","breadcrumb":{"@id":"https:\/\/bennetrey.com\/bases-de-los-premios-magna-carta\/#breadcrumb"},"inLanguage":"es","potentialAction":[{"@type":"ReadAction","target":["https:\/\/bennetrey.com\/bases-de-los-premios-magna-carta\/"]}]},{"@type":"BreadcrumbList","@id":"https:\/\/bennetrey.com\/bases-de-los-premios-magna-carta\/#breadcrumb","itemListElement":[{"@type":"ListItem","position":1,"name":"Portada","item":"https:\/\/bennetrey.com\/es\/"},{"@type":"ListItem","position":2,"name":"Bases de los premios Magna Carta"}]},{"@type":"WebSite","@id":"https:\/\/bennetrey.com\/#website","url":"https:\/\/bennetrey.com\/","name":"Bennet & Rey","description":"","publisher":{"@id":"https:\/\/bennetrey.com\/#organization"},"potentialAction":[{"@type":"SearchAction","target":{"@type":"EntryPoint","urlTemplate":"https:\/\/bennetrey.com\/?s={search_term_string}"},"query-input":{"@type":"PropertyValueSpecification","valueRequired":true,"valueName":"search_term_string"}}],"inLanguage":"es"},{"@type":"Organization","@id":"https:\/\/bennetrey.com\/#organization","name":"Bennet & Rey","url":"https:\/\/bennetrey.com\/","logo":{"@type":"ImageObject","inLanguage":"es","@id":"https:\/\/bennetrey.com\/#\/schema\/logo\/image\/","url":"https:\/\/bennetrey.com\/wp-content\/uploads\/2024\/12\/bennetreylogo.webp","contentUrl":"https:\/\/bennetrey.com\/wp-content\/uploads\/2024\/12\/bennetreylogo.webp","width":1010,"height":284,"caption":"Bennet & Rey"},"image":{"@id":"https:\/\/bennetrey.com\/#\/schema\/logo\/image\/"}}]}},"_links":{"self":[{"href":"https:\/\/bennetrey.com\/es\/wp-json\/wp\/v2\/pages\/916","targetHints":{"allow":["GET"]}}],"collection":[{"href":"https:\/\/bennetrey.com\/es\/wp-json\/wp\/v2\/pages"}],"about":[{"href":"https:\/\/bennetrey.com\/es\/wp-json\/wp\/v2\/types\/page"}],"author":[{"embeddable":true,"href":"https:\/\/bennetrey.com\/es\/wp-json\/wp\/v2\/users\/1"}],"replies":[{"embeddable":true,"href":"https:\/\/bennetrey.com\/es\/wp-json\/wp\/v2\/comments?post=916"}],"version-history":[{"count":10,"href":"https:\/\/bennetrey.com\/es\/wp-json\/wp\/v2\/pages\/916\/revisions"}],"predecessor-version":[{"id":1778,"href":"https:\/\/bennetrey.com\/es\/wp-json\/wp\/v2\/pages\/916\/revisions\/1778"}],"wp:attachment":[{"href":"https:\/\/bennetrey.com\/es\/wp-json\/wp\/v2\/media?parent=916"}],"curies":[{"name":"wp","href":"https:\/\/api.w.org\/{rel}","templated":true}]}}